{"id":7,"date":"2025-12-19T11:15:26","date_gmt":"2025-12-19T11:15:26","guid":{"rendered":"https:\/\/peluqueriamilenium.rkinformatika.online\/?page_id=7"},"modified":"2025-12-19T16:06:11","modified_gmt":"2025-12-19T16:06:11","slug":"servicios","status":"publish","type":"page","link":"https:\/\/peluqueriamilenium.es\/eu\/servicios\/","title":{"rendered":"Zerbitzuak"},"content":{"rendered":"<div data-elementor-type=\"wp-page\" data-elementor-id=\"7\" class=\"elementor elementor-7\" data-elementor-post-type=\"page\">\n\t\t\t\t<div class=\"elementor-element elementor-element-5f0030f e-flex e-con-boxed e-con e-parent\" data-id=\"5f0030f\" data-element_type=\"container\" data-e-type=\"container\" data-settings=\"{&quot;background_background&quot;:&quot;classic&quot;}\">\n\t\t\t\t\t<div class=\"e-con-inner\">\n\t\t\t\t\t<\/div>\n\t\t\t\t<\/div>\n\t\t<div class=\"elementor-element elementor-element-1708790 e-flex e-con-boxed e-con e-parent\" data-id=\"1708790\" data-element_type=\"container\" data-e-type=\"container\" data-settings=\"{&quot;background_background&quot;:&quot;classic&quot;}\">\n\t\t\t\t\t<div class=\"e-con-inner\">\n\t\t<div class=\"elementor-element elementor-element-db75ce9 e-con-full e-flex e-con e-child\" data-id=\"db75ce9\" data-element_type=\"container\" data-e-type=\"container\">\n\t\t\t\t<div class=\"elementor-element elementor-element-cc59a20 elementor-invisible elementor-widget elementor-widget-heading\" data-id=\"cc59a20\" data-element_type=\"widget\" data-e-type=\"widget\" data-settings=\"{&quot;_animation&quot;:&quot;fadeIn&quot;,&quot;_animation_delay&quot;:50}\" data-widget_type=\"heading.default\">\n\t\t\t\t\t<h2 class=\"elementor-heading-title elementor-size-default\">Nuestros servicios<\/h2>\t\t\t\t<\/div>\n\t\t\t\t<div class=\"elementor-element elementor-element-6e0dd8f elementor-invisible elementor-widget elementor-widget-heading\" data-id=\"6e0dd8f\" data-element_type=\"widget\" data-e-type=\"widget\" data-settings=\"{&quot;_animation&quot;:&quot;fadeIn&quot;,&quot;_animation_delay&quot;:100}\" data-widget_type=\"heading.default\">\n\t\t\t\t\t<h2 class=\"elementor-heading-title elementor-size-default\">\u00a1Pelo cuidado, maquillaje perfecto!<\/h2>\t\t\t\t<\/div>\n\t\t\t\t<div class=\"elementor-element elementor-element-94c0ec6 elementor-widget elementor-widget-text-editor\" data-id=\"94c0ec6\" data-element_type=\"widget\" data-e-type=\"widget\" data-widget_type=\"text-editor.default\">\n\t\t\t\t\t\t\t\t\t<p>Somos estilistas del cabello con una amplia experiencia en el sector y ofrecemos una variedad de tratamientos personalizados.\u00a0Adem\u00e1s, realizamos recogidos para fiestas, bodas y graduaciones.\u00a0Tambi\u00e9n ofrecemos servicios de maquillaje profesional y depilaci\u00f3n con cera<\/p>\t\t\t\t\t\t\t\t<\/div>\n\t\t\t\t<\/div>\n\t\t<div class=\"elementor-element elementor-element-78bf5b0 e-con-full e-flex e-con e-child\" data-id=\"78bf5b0\" data-element_type=\"container\" data-e-type=\"container\" data-settings=\"{&quot;background_background&quot;:&quot;classic&quot;}\">\n\t\t\t\t<div class=\"elementor-element elementor-element-433cad5 elementor-flip-box--effect-zoom-out elementor-widget elementor-widget-flip-box\" data-id=\"433cad5\" data-element_type=\"widget\" data-e-type=\"widget\" data-widget_type=\"flip-box.default\">\n\t\t\t\t\t\t\t<div class=\"elementor-flip-box\" tabindex=\"0\">\n\t\t\t<div class=\"elementor-flip-box__layer elementor-flip-box__front\">\n\t\t\t\t<div class=\"elementor-flip-box__layer__overlay\">\n\t\t\t\t\t<div class=\"elementor-flip-box__layer__inner\">\n\t\t\t\t\t\t\n\t\t\t\t\t\t\n\t\t\t\t\t\t\t\t\t\t\t<\/div>\n\t\t\t\t<\/div>\n\t\t\t<\/div>\n\t\t\t<div class=\"elementor-flip-box__layer elementor-flip-box__back\">\n\t\t\t<div class=\"elementor-flip-box__layer__overlay\">\n\t\t\t\t<div class=\"elementor-flip-box__layer__inner\">\n\t\t\t\t\t\n\t\t\t\t\t\n\t\t\t\t\t\t\t\t<\/div>\n\t\t<\/div>\n\t\t<\/div>\n\t\t<\/div>\n\t\t\t\t\t\t<\/div>\n\t\t\t\t<\/div>\n\t\t\t\t\t<\/div>\n\t\t\t\t<\/div>\n\t\t<div class=\"elementor-element elementor-element-dd63cb3 e-flex e-con-boxed e-con e-parent\" data-id=\"dd63cb3\" data-element_type=\"container\" data-e-type=\"container\" data-settings=\"{&quot;background_background&quot;:&quot;classic&quot;}\">\n\t\t\t\t\t<div class=\"e-con-inner\">\n\t\t<div class=\"elementor-element elementor-element-5fb6047 e-con-full e-flex e-con e-child\" data-id=\"5fb6047\" data-element_type=\"container\" data-e-type=\"container\" data-settings=\"{&quot;background_background&quot;:&quot;classic&quot;}\">\n\t\t\t\t<div class=\"elementor-element elementor-element-8b61181 elementor-invisible elementor-widget elementor-widget-heading\" data-id=\"8b61181\" data-element_type=\"widget\" data-e-type=\"widget\" data-settings=\"{&quot;_animation&quot;:&quot;zoomIn&quot;}\" data-widget_type=\"heading.default\">\n\t\t\t\t\t<h2 class=\"elementor-heading-title elementor-size-default\">\u00a1Un espacio para ti, para brillar!<\/h2>\t\t\t\t<\/div>\n\t\t\t\t<div class=\"elementor-element elementor-element-61ebd96 elementor-align-center elementor-invisible elementor-widget elementor-widget-button\" data-id=\"61ebd96\" data-element_type=\"widget\" data-e-type=\"widget\" data-settings=\"{&quot;_animation&quot;:&quot;zoomIn&quot;}\" data-widget_type=\"button.default\">\n\t\t\t\t\t\t\t\t\t\t<a class=\"elementor-button elementor-button-link elementor-size-sm elementor-animation-hang\" href=\"\/eu\/contacto\/\">\n\t\t\t\t\t\t<span class=\"elementor-button-content-wrapper\">\n\t\t\t\t\t\t\t\t\t<span class=\"elementor-button-text\">Cont\u00e1ctanos<\/span>\n\t\t\t\t\t<\/span>\n\t\t\t\t\t<\/a>\n\t\t\t\t\t\t\t\t<\/div>\n\t\t\t\t<\/div>\n\t\t\t\t\t<\/div>\n\t\t\t\t<\/div>\n\t\t<div class=\"elementor-element elementor-element-f161304 e-flex e-con-boxed e-con e-parent\" data-id=\"f161304\" data-element_type=\"container\" data-e-type=\"container\" data-settings=\"{&quot;background_background&quot;:&quot;classic&quot;}\">\n\t\t\t\t\t<div class=\"e-con-inner\">\n\t\t<div class=\"elementor-element elementor-element-4dc3d13 e-con-full e-flex e-con e-child\" data-id=\"4dc3d13\" data-element_type=\"container\" data-e-type=\"container\">\n\t\t\t\t<div class=\"elementor-element elementor-element-b4732e1 elementor-invisible elementor-widget elementor-widget-heading\" data-id=\"b4732e1\" data-element_type=\"widget\" data-e-type=\"widget\" data-settings=\"{&quot;_animation&quot;:&quot;fadeIn&quot;,&quot;_animation_delay&quot;:50}\" data-widget_type=\"heading.default\">\n\t\t\t\t\t<h2 class=\"elementor-heading-title elementor-size-default\">Nuestros servicios<\/h2>\t\t\t\t<\/div>\n\t\t\t\t<div class=\"elementor-element elementor-element-8ba49ae elementor-invisible elementor-widget elementor-widget-heading\" data-id=\"8ba49ae\" data-element_type=\"widget\" data-e-type=\"widget\" data-settings=\"{&quot;_animation&quot;:&quot;fadeIn&quot;,&quot;_animation_delay&quot;:100}\" data-widget_type=\"heading.default\">\n\t\t\t\t\t<h2 class=\"elementor-heading-title elementor-size-default\">Lo que ofrecemos<\/h2>\t\t\t\t<\/div>\n\t\t\t\t<\/div>\n\t\t\t\t\t<\/div>\n\t\t\t\t<\/div>\n\t\t<div class=\"elementor-element elementor-element-37522a1 e-flex e-con-boxed e-con e-parent\" data-id=\"37522a1\" data-element_type=\"container\" data-e-type=\"container\">\n\t\t\t\t\t<div class=\"e-con-inner\">\n\t\t<div class=\"elementor-element elementor-element-52c5685 e-grid e-con-full e-con e-child\" data-id=\"52c5685\" data-element_type=\"container\" data-e-type=\"container\">\n\t\t\t\t<div class=\"elementor-element elementor-element-7474c4e elementor-cta--skin-classic elementor-animated-content elementor-bg-transform elementor-bg-transform-zoom-in elementor-widget elementor-widget-call-to-action\" data-id=\"7474c4e\" data-element_type=\"widget\" data-e-type=\"widget\" data-widget_type=\"call-to-action.default\">\n\t\t\t\t\t\t\t<div class=\"elementor-cta\">\n\t\t\t\t\t<div class=\"elementor-cta__bg-wrapper\">\n\t\t\t\t<div class=\"elementor-cta__bg elementor-bg\" style=\"background-image: url(https:\/\/peluqueriamilenium.es\/wp-content\/uploads\/2025\/12\/8106905.jpg);\" role=\"img\" aria-label=\"8106905\"><\/div>\n\t\t\t\t<div class=\"elementor-cta__bg-overlay\"><\/div>\n\t\t\t<\/div>\n\t\t\t\t\t\t\t<div class=\"elementor-cta__content\">\n\t\t\t\t\n\t\t\t\t\t\t\t\t\t<h2 class=\"elementor-cta__title elementor-cta__content-item elementor-content-item\">\n\t\t\t\t\t\tTratamientos de cabello\t\t\t\t\t<\/h2>\n\t\t\t\t\n\t\t\t\t\t\t\t\t\t<div class=\"elementor-cta__description elementor-cta__content-item elementor-content-item\">\n\t\t\t\t\t\tSomos estilistas del cabello con una amplia experiencia en el sector y ofrecemos una variedad de tratamientos personalizados que van desde un tinte vibrante y duradero hasta tratamientos de keratina para alisar y revitalizar el cabello. \t\t\t\t\t<\/div>\n\t\t\t\t\n\t\t\t\t\t\t\t<\/div>\n\t\t\t\t\t\t<\/div>\n\t\t\t\t\t\t<\/div>\n\t\t\t\t<div class=\"elementor-element elementor-element-708c756 elementor-cta--skin-classic elementor-animated-content elementor-bg-transform elementor-bg-transform-zoom-in elementor-widget elementor-widget-call-to-action\" data-id=\"708c756\" data-element_type=\"widget\" data-e-type=\"widget\" data-widget_type=\"call-to-action.default\">\n\t\t\t\t\t\t\t<div class=\"elementor-cta\">\n\t\t\t\t\t<div class=\"elementor-cta__bg-wrapper\">\n\t\t\t\t<div class=\"elementor-cta__bg elementor-bg\" style=\"background-image: url(https:\/\/peluqueriamilenium.es\/wp-content\/uploads\/2025\/12\/13009.jpg);\" role=\"img\" aria-label=\"13009\"><\/div>\n\t\t\t\t<div class=\"elementor-cta__bg-overlay\"><\/div>\n\t\t\t<\/div>\n\t\t\t\t\t\t\t<div class=\"elementor-cta__content\">\n\t\t\t\t\n\t\t\t\t\t\t\t\t\t<h2 class=\"elementor-cta__title elementor-cta__content-item elementor-content-item\">\n\t\t\t\t\t\tTratamientos para caida del cabello\t\t\t\t\t<\/h2>\n\t\t\t\t\n\t\t\t\t\t\t\t\t\t<div class=\"elementor-cta__description elementor-cta__content-item elementor-content-item\">\n\t\t\t\t\t\tTambi\u00e9n nos especializamos en tratamientos para la ca\u00edda del cabello, mechas de diferentes estilos, y permanentes que aportan textura y volumen a tu look.\t\t\t\t\t<\/div>\n\t\t\t\t\n\t\t\t\t\t\t\t<\/div>\n\t\t\t\t\t\t<\/div>\n\t\t\t\t\t\t<\/div>\n\t\t\t\t<div class=\"elementor-element elementor-element-77433b2 elementor-cta--skin-classic elementor-animated-content elementor-bg-transform elementor-bg-transform-zoom-in elementor-widget elementor-widget-call-to-action\" data-id=\"77433b2\" data-element_type=\"widget\" data-e-type=\"widget\" data-widget_type=\"call-to-action.default\">\n\t\t\t\t\t\t\t<div class=\"elementor-cta\">\n\t\t\t\t\t<div class=\"elementor-cta__bg-wrapper\">\n\t\t\t\t<div class=\"elementor-cta__bg elementor-bg\" style=\"background-image: url(https:\/\/peluqueriamilenium.es\/wp-content\/uploads\/2025\/12\/24549695.jpg);\" role=\"img\" aria-label=\"24549695\"><\/div>\n\t\t\t\t<div class=\"elementor-cta__bg-overlay\"><\/div>\n\t\t\t<\/div>\n\t\t\t\t\t\t\t<div class=\"elementor-cta__content\">\n\t\t\t\t\n\t\t\t\t\t\t\t\t\t<h2 class=\"elementor-cta__title elementor-cta__content-item elementor-content-item\">\n\t\t\t\t\t\tFiestas, bodas y graduaciones\t\t\t\t\t<\/h2>\n\t\t\t\t\n\t\t\t\t\t\t\t\t\t<div class=\"elementor-cta__description elementor-cta__content-item elementor-content-item\">\n\t\t\t\t\t\tAdem\u00e1s, realizamos recogidos para fiestas, bodas y graduaciones, asegurando que cada cliente luzca espectacular en su evento especial. \n\t\t\t\t\t<\/div>\n\t\t\t\t\n\t\t\t\t\t\t\t<\/div>\n\t\t\t\t\t\t<\/div>\n\t\t\t\t\t\t<\/div>\n\t\t\t\t<div class=\"elementor-element elementor-element-97c6f1e elementor-cta--skin-classic elementor-animated-content elementor-bg-transform elementor-bg-transform-zoom-in elementor-widget elementor-widget-call-to-action\" data-id=\"97c6f1e\" data-element_type=\"widget\" data-e-type=\"widget\" data-widget_type=\"call-to-action.default\">\n\t\t\t\t\t\t\t<div class=\"elementor-cta\">\n\t\t\t\t\t<div class=\"elementor-cta__bg-wrapper\">\n\t\t\t\t<div class=\"elementor-cta__bg elementor-bg\" style=\"background-image: url(https:\/\/peluqueriamilenium.es\/wp-content\/uploads\/2025\/12\/2148328789.jpg);\" role=\"img\" aria-label=\"2148328789\"><\/div>\n\t\t\t\t<div class=\"elementor-cta__bg-overlay\"><\/div>\n\t\t\t<\/div>\n\t\t\t\t\t\t\t<div class=\"elementor-cta__content\">\n\t\t\t\t\n\t\t\t\t\t\t\t\t\t<h2 class=\"elementor-cta__title elementor-cta__content-item elementor-content-item\">\n\t\t\t\t\t\tMaquillaje profesional\t\t\t\t\t<\/h2>\n\t\t\t\t\n\t\t\t\t\t\t\t\t\t<div class=\"elementor-cta__description elementor-cta__content-item elementor-content-item\">\n\t\t\t\t\t\tServicios de maquillaje profesional\t\t\t\t\t<\/div>\n\t\t\t\t\n\t\t\t\t\t\t\t<\/div>\n\t\t\t\t\t\t<\/div>\n\t\t\t\t\t\t<\/div>\n\t\t\t\t<div class=\"elementor-element elementor-element-c5bf645 elementor-cta--skin-classic elementor-animated-content elementor-bg-transform elementor-bg-transform-zoom-in elementor-widget elementor-widget-call-to-action\" data-id=\"c5bf645\" data-element_type=\"widget\" data-e-type=\"widget\" data-widget_type=\"call-to-action.default\">\n\t\t\t\t\t\t\t<div class=\"elementor-cta\">\n\t\t\t\t\t<div class=\"elementor-cta__bg-wrapper\">\n\t\t\t\t<div class=\"elementor-cta__bg elementor-bg\" style=\"background-image: url(https:\/\/peluqueriamilenium.es\/wp-content\/uploads\/2025\/12\/74069.jpg);\" role=\"img\" aria-label=\"74069\"><\/div>\n\t\t\t\t<div class=\"elementor-cta__bg-overlay\"><\/div>\n\t\t\t<\/div>\n\t\t\t\t\t\t\t<div class=\"elementor-cta__content\">\n\t\t\t\t\n\t\t\t\t\t\t\t\t\t<h2 class=\"elementor-cta__title elementor-cta__content-item elementor-content-item\">\n\t\t\t\t\t\tDepilaci\u00f3n Cera\t\t\t\t\t<\/h2>\n\t\t\t\t\n\t\t\t\t\t\t\t\t\t<div class=\"elementor-cta__description elementor-cta__content-item elementor-content-item\">\n\t\t\t\t\t\tPara que complementes tu estilo y resaltes tu belleza en cualquier ocasi\u00f3n.\t\t\t\t\t<\/div>\n\t\t\t\t\n\t\t\t\t\t\t\t<\/div>\n\t\t\t\t\t\t<\/div>\n\t\t\t\t\t\t<\/div>\n\t\t\t\t<div class=\"elementor-element elementor-element-4c92473 elementor-cta--skin-classic elementor-animated-content elementor-bg-transform elementor-bg-transform-zoom-in elementor-widget elementor-widget-call-to-action\" data-id=\"4c92473\" data-element_type=\"widget\" data-e-type=\"widget\" data-widget_type=\"call-to-action.default\">\n\t\t\t\t\t\t\t<div class=\"elementor-cta\">\n\t\t\t\t\t<div class=\"elementor-cta__bg-wrapper\">\n\t\t\t\t<div class=\"elementor-cta__bg elementor-bg\" style=\"background-image: url(https:\/\/peluqueriamilenium.es\/wp-content\/uploads\/2025\/12\/2314.jpg);\" role=\"img\" aria-label=\"2314\"><\/div>\n\t\t\t\t<div class=\"elementor-cta__bg-overlay\"><\/div>\n\t\t\t<\/div>\n\t\t\t\t\t\t\t<div class=\"elementor-cta__content\">\n\t\t\t\t\n\t\t\t\t\t\t\t\t\t<h2 class=\"elementor-cta__title elementor-cta__content-item elementor-content-item\">\n\t\t\t\t\t\tProductos\t\t\t\t\t<\/h2>\n\t\t\t\t\n\t\t\t\t\t\t\t\t\t<div class=\"elementor-cta__description elementor-cta__content-item elementor-content-item\">\n\t\t\t\t\t\tProductos de peluquer\u00eda, tanto lacas, tintes, pinta, u\u00f1as, colonias, maquillajes, champ\u00fas de tratamientos, planchas, secadores, rizadores, Etc.\t\t\t\t\t<\/div>\n\t\t\t\t\n\t\t\t\t\t\t\t<\/div>\n\t\t\t\t\t\t<\/div>\n\t\t\t\t\t\t<\/div>\n\t\t\t\t<\/div>\n\t\t\t\t\t<\/div>\n\t\t\t\t<\/div>\n\t\t\t\t<\/div>","protected":false},"excerpt":{"rendered":"<p>Nuestros servicios \u00a1Pelo cuidado, maquillaje perfecto! Somos estilistas del cabello con una amplia experiencia en el sector y ofrecemos una variedad de tratamientos personalizados.\u00a0Adem\u00e1s, realizamos recogidos para fiestas, bodas y graduaciones.\u00a0Tambi\u00e9n ofrecemos servicios de maquillaje profesional y depilaci\u00f3n con cera \u00a1Un espacio para ti, para brillar! Cont\u00e1ctanos Nuestros servicios Lo que ofrecemos Tratamientos de cabello [&hellip;]<\/p>\n","protected":false},"author":1,"featured_media":0,"parent":0,"menu_order":0,"comment_status":"closed","ping_status":"closed","template":"elementor_canvas","meta":{"footnotes":""},"class_list":["post-7","page","type-page","status-publish","hentry"],"yoast_head":"<!-- This site is optimized with the Yoast SEO plugin v27.3 - https:\/\/yoast.com\/product\/yoast-seo-wordpress\/ -->\n<title>Servicios - Peluquer\u00eda Milenium<\/title>\n<meta name=\"robots\" content=\"index, follow, max-snippet:-1, max-image-preview:large, max-video-preview:-1\" \/>\n<link rel=\"canonical\" href=\"https:\/\/peluqueriamilenium.es\/eu\/servicios\/\" \/>\n<meta property=\"og:locale\" content=\"en_US\" \/>\n<meta property=\"og:type\" content=\"article\" \/>\n<meta property=\"og:title\" content=\"Servicios - Peluquer\u00eda Milenium\" \/>\n<meta property=\"og:description\" content=\"Nuestros servicios \u00a1Pelo cuidado, maquillaje perfecto! Somos estilistas del cabello con una amplia experiencia en el sector y ofrecemos una variedad de tratamientos personalizados.\u00a0Adem\u00e1s, realizamos recogidos para fiestas, bodas y graduaciones.\u00a0Tambi\u00e9n ofrecemos servicios de maquillaje profesional y depilaci\u00f3n con cera \u00a1Un espacio para ti, para brillar! Cont\u00e1ctanos Nuestros servicios Lo que ofrecemos Tratamientos de cabello [&hellip;]\" \/>\n<meta property=\"og:url\" content=\"https:\/\/peluqueriamilenium.es\/eu\/servicios\/\" \/>\n<meta property=\"og:site_name\" content=\"Peluquer\u00eda Milenium\" \/>\n<meta property=\"article:modified_time\" content=\"2025-12-19T16:06:11+00:00\" \/>\n<meta name=\"twitter:card\" content=\"summary_large_image\" \/>\n<meta name=\"twitter:label1\" content=\"Est. reading time\" \/>\n\t<meta name=\"twitter:data1\" content=\"1 minutua\" \/>\n<script type=\"application\/ld+json\" class=\"yoast-schema-graph\">{\"@context\":\"https:\\\/\\\/schema.org\",\"@graph\":[{\"@type\":\"WebPage\",\"@id\":\"https:\\\/\\\/peluqueriamilenium.es\\\/servicios\\\/\",\"url\":\"https:\\\/\\\/peluqueriamilenium.es\\\/servicios\\\/\",\"name\":\"Servicios - Peluquer\u00eda Milenium\",\"isPartOf\":{\"@id\":\"https:\\\/\\\/peluqueriamilenium.es\\\/#website\"},\"datePublished\":\"2025-12-19T11:15:26+00:00\",\"dateModified\":\"2025-12-19T16:06:11+00:00\",\"breadcrumb\":{\"@id\":\"https:\\\/\\\/peluqueriamilenium.es\\\/servicios\\\/#breadcrumb\"},\"inLanguage\":\"eu\",\"potentialAction\":[{\"@type\":\"ReadAction\",\"target\":[\"https:\\\/\\\/peluqueriamilenium.es\\\/servicios\\\/\"]}]},{\"@type\":\"BreadcrumbList\",\"@id\":\"https:\\\/\\\/peluqueriamilenium.es\\\/servicios\\\/#breadcrumb\",\"itemListElement\":[{\"@type\":\"ListItem\",\"position\":1,\"name\":\"Portada\",\"item\":\"https:\\\/\\\/peluqueriamilenium.es\\\/\"},{\"@type\":\"ListItem\",\"position\":2,\"name\":\"Servicios\"}]},{\"@type\":\"WebSite\",\"@id\":\"https:\\\/\\\/peluqueriamilenium.es\\\/#website\",\"url\":\"https:\\\/\\\/peluqueriamilenium.es\\\/\",\"name\":\"Peluquer\u00eda Milenium\",\"description\":\"Peluquer\u00eda Milenium\",\"publisher\":{\"@id\":\"https:\\\/\\\/peluqueriamilenium.es\\\/#organization\"},\"potentialAction\":[{\"@type\":\"SearchAction\",\"target\":{\"@type\":\"EntryPoint\",\"urlTemplate\":\"https:\\\/\\\/peluqueriamilenium.es\\\/?s={search_term_string}\"},\"query-input\":{\"@type\":\"PropertyValueSpecification\",\"valueRequired\":true,\"valueName\":\"search_term_string\"}}],\"inLanguage\":\"eu\"},{\"@type\":\"Organization\",\"@id\":\"https:\\\/\\\/peluqueriamilenium.es\\\/#organization\",\"name\":\"Peluquer\u00eda Milenium\",\"url\":\"https:\\\/\\\/peluqueriamilenium.es\\\/\",\"logo\":{\"@type\":\"ImageObject\",\"inLanguage\":\"eu\",\"@id\":\"https:\\\/\\\/peluqueriamilenium.es\\\/#\\\/schema\\\/logo\\\/image\\\/\",\"url\":\"https:\\\/\\\/peluqueriamilenium.es\\\/wp-content\\\/uploads\\\/2025\\\/12\\\/logo.jpg\",\"contentUrl\":\"https:\\\/\\\/peluqueriamilenium.es\\\/wp-content\\\/uploads\\\/2025\\\/12\\\/logo.jpg\",\"width\":413,\"height\":280,\"caption\":\"Peluquer\u00eda Milenium\"},\"image\":{\"@id\":\"https:\\\/\\\/peluqueriamilenium.es\\\/#\\\/schema\\\/logo\\\/image\\\/\"}}]}<\/script>\n<!-- \/ Yoast SEO plugin. -->","yoast_head_json":{"title":"Servicios - Peluquer\u00eda Milenium","robots":{"index":"index","follow":"follow","max-snippet":"max-snippet:-1","max-image-preview":"max-image-preview:large","max-video-preview":"max-video-preview:-1"},"canonical":"https:\/\/peluqueriamilenium.es\/eu\/servicios\/","og_locale":"en_US","og_type":"article","og_title":"Servicios - Peluquer\u00eda Milenium","og_description":"Nuestros servicios \u00a1Pelo cuidado, maquillaje perfecto! Somos estilistas del cabello con una amplia experiencia en el sector y ofrecemos una variedad de tratamientos personalizados.\u00a0Adem\u00e1s, realizamos recogidos para fiestas, bodas y graduaciones.\u00a0Tambi\u00e9n ofrecemos servicios de maquillaje profesional y depilaci\u00f3n con cera \u00a1Un espacio para ti, para brillar! Cont\u00e1ctanos Nuestros servicios Lo que ofrecemos Tratamientos de cabello [&hellip;]","og_url":"https:\/\/peluqueriamilenium.es\/eu\/servicios\/","og_site_name":"Peluquer\u00eda Milenium","article_modified_time":"2025-12-19T16:06:11+00:00","twitter_card":"summary_large_image","twitter_misc":{"Est. reading time":"1 minutua"},"schema":{"@context":"https:\/\/schema.org","@graph":[{"@type":"WebPage","@id":"https:\/\/peluqueriamilenium.es\/servicios\/","url":"https:\/\/peluqueriamilenium.es\/servicios\/","name":"Servicios - Peluquer\u00eda Milenium","isPartOf":{"@id":"https:\/\/peluqueriamilenium.es\/#website"},"datePublished":"2025-12-19T11:15:26+00:00","dateModified":"2025-12-19T16:06:11+00:00","breadcrumb":{"@id":"https:\/\/peluqueriamilenium.es\/servicios\/#breadcrumb"},"inLanguage":"eu","potentialAction":[{"@type":"ReadAction","target":["https:\/\/peluqueriamilenium.es\/servicios\/"]}]},{"@type":"BreadcrumbList","@id":"https:\/\/peluqueriamilenium.es\/servicios\/#breadcrumb","itemListElement":[{"@type":"ListItem","position":1,"name":"Portada","item":"https:\/\/peluqueriamilenium.es\/"},{"@type":"ListItem","position":2,"name":"Servicios"}]},{"@type":"WebSite","@id":"https:\/\/peluqueriamilenium.es\/#website","url":"https:\/\/peluqueriamilenium.es\/","name":"Peluquer\u00eda Milenium","description":"Peluquer\u00eda Milenium","publisher":{"@id":"https:\/\/peluqueriamilenium.es\/#organization"},"potentialAction":[{"@type":"SearchAction","target":{"@type":"EntryPoint","urlTemplate":"https:\/\/peluqueriamilenium.es\/?s={search_term_string}"},"query-input":{"@type":"PropertyValueSpecification","valueRequired":true,"valueName":"search_term_string"}}],"inLanguage":"eu"},{"@type":"Organization","@id":"https:\/\/peluqueriamilenium.es\/#organization","name":"Peluquer\u00eda Milenium","url":"https:\/\/peluqueriamilenium.es\/","logo":{"@type":"ImageObject","inLanguage":"eu","@id":"https:\/\/peluqueriamilenium.es\/#\/schema\/logo\/image\/","url":"https:\/\/peluqueriamilenium.es\/wp-content\/uploads\/2025\/12\/logo.jpg","contentUrl":"https:\/\/peluqueriamilenium.es\/wp-content\/uploads\/2025\/12\/logo.jpg","width":413,"height":280,"caption":"Peluquer\u00eda Milenium"},"image":{"@id":"https:\/\/peluqueriamilenium.es\/#\/schema\/logo\/image\/"}}]}},"_links":{"self":[{"href":"https:\/\/peluqueriamilenium.es\/eu\/wp-json\/wp\/v2\/pages\/7","targetHints":{"allow":["GET"]}}],"collection":[{"href":"https:\/\/peluqueriamilenium.es\/eu\/wp-json\/wp\/v2\/pages"}],"about":[{"href":"https:\/\/peluqueriamilenium.es\/eu\/wp-json\/wp\/v2\/types\/page"}],"author":[{"embeddable":true,"href":"https:\/\/peluqueriamilenium.es\/eu\/wp-json\/wp\/v2\/users\/1"}],"replies":[{"embeddable":true,"href":"https:\/\/peluqueriamilenium.es\/eu\/wp-json\/wp\/v2\/comments?post=7"}],"version-history":[{"count":100,"href":"https:\/\/peluqueriamilenium.es\/eu\/wp-json\/wp\/v2\/pages\/7\/revisions"}],"predecessor-version":[{"id":451,"href":"https:\/\/peluqueriamilenium.es\/eu\/wp-json\/wp\/v2\/pages\/7\/revisions\/451"}],"wp:attachment":[{"href":"https:\/\/peluqueriamilenium.es\/eu\/wp-json\/wp\/v2\/media?parent=7"}],"curies":[{"name":"wp","href":"https:\/\/api.w.org\/{rel}","templated":true}]}}